{"id":1064,"date":"2023-11-01T14:31:15","date_gmt":"2023-11-01T13:31:15","guid":{"rendered":"https:\/\/kingnails.dk\/om-os\/"},"modified":"2026-01-21T07:30:17","modified_gmt":"2026-01-21T06:30:17","slug":"about-us","status":"publish","type":"page","link":"https:\/\/kingnails.dk\/en\/om-os\/","title":{"rendered":"About us"},"content":{"rendered":"\t\t<div data-elementor-type=\"wp-post\" data-elementor-id=\"1064\" class=\"elementor elementor-1064\" data-elementor-post-type=\"page\">\n\t\t\t\t<div class=\"elementor-element elementor-element-72b63cb e-flex e-con-boxed e-con e-parent\" data-id=\"72b63cb\" data-element_type=\"container\" data-e-type=\"container\" data-settings=\"{&quot;background_background&quot;:&quot;gradient&quot;}\">\n\t\t\t\t\t<div class=\"e-con-inner\">\n\t\t\t\t<div class=\"elementor-element elementor-element-cff1277 elementor-align-left elementor-mobile-align-justify elementor-widget-mobile__width-initial elementor-hidden-mobile elementor-widget elementor-widget-button\" data-id=\"cff1277\" data-element_type=\"widget\" data-e-type=\"widget\" data-widget_type=\"button.default\">\n\t\t\t\t<div class=\"elementor-widget-container\">\n\t\t\t\t\t\t\t\t\t<div class=\"elementor-button-wrapper\">\n\t\t\t\t\t<a class=\"elementor-button elementor-button-link elementor-size-sm\" href=\"https:\/\/kingnails.dk\/en\/afdelinger\/\">\n\t\t\t\t\t\t<span class=\"elementor-button-content-wrapper\">\n\t\t\t\t\t\t<span class=\"elementor-button-icon\">\n\t\t\t\t<i aria-hidden=\"true\" class=\"far fa-arrow-right\"><\/i>\t\t\t<\/span>\n\t\t\t\t\t\t\t\t\t<span class=\"elementor-button-text\">Bestil tid online<\/span>\n\t\t\t\t\t<\/span>\n\t\t\t\t\t<\/a>\n\t\t\t\t<\/div>\n\t\t\t\t\t\t\t\t<\/div>\n\t\t\t\t<\/div>\n\t\t\t\t\t<\/div>\n\t\t\t\t<\/div>\n\t\t<div class=\"elementor-element elementor-element-4894e68 e-flex e-con-boxed e-con e-parent\" data-id=\"4894e68\" data-element_type=\"container\" data-e-type=\"container\">\n\t\t\t\t\t<div class=\"e-con-inner\">\n\t\t<div class=\"elementor-element elementor-element-a34ac8d e-con-full e-flex e-con e-child\" data-id=\"a34ac8d\" data-element_type=\"container\" data-e-type=\"container\">\n\t\t<div class=\"elementor-element elementor-element-36e52fb e-con-full e-flex e-con e-child\" data-id=\"36e52fb\" data-element_type=\"container\" data-e-type=\"container\">\n\t\t\t\t<div class=\"elementor-element elementor-element-fd2b8ed elementor-widget__width-initial elementor-widget elementor-widget-heading\" data-id=\"fd2b8ed\" data-element_type=\"widget\" data-e-type=\"widget\" data-widget_type=\"heading.default\">\n\t\t\t\t<div class=\"elementor-widget-container\">\n\t\t\t\t\t<h2 class=\"elementor-heading-title elementor-size-default\">Vi br\u00e6nder for smukke negle<\/h2>\t\t\t\t<\/div>\n\t\t\t\t<\/div>\n\t\t\t\t<div class=\"elementor-element elementor-element-041d0e9 elementor-widget elementor-widget-text-editor\" data-id=\"041d0e9\" data-element_type=\"widget\" data-e-type=\"widget\" data-widget_type=\"text-editor.default\">\n\t\t\t\t<div class=\"elementor-widget-container\">\n\t\t\t\t\t\t\t\t\t<p>Vi anvender vi kun de bedste produkter til behandlinger s\u00e5som CND, DND, OPI, NSN, Nuskin, ONS osv. Vi er bland de bedste neglesaloner i Danmark, n\u00e5r det g\u00e6lder negledesign og dekoration og arbejdet bliver udf\u00f8rt af professionelle CND negleteknikere.<\/p><p>Kom ind i vores flotte King Nails saloner, og f\u00e5 lavet flotte negle eller f\u00e5 forst\u00e6rket dine egne negle af vores dygtige negleteknikere. Negleforst\u00e6rkningen laves enten i akryl eller gel, vi anvender tipper til forl\u00e6ngelse.<\/p>\t\t\t\t\t\t\t\t<\/div>\n\t\t\t\t<\/div>\n\t\t\t\t<\/div>\n\t\t<div class=\"elementor-element elementor-element-e5f9d17 e-con-full e-flex e-con e-child\" data-id=\"e5f9d17\" data-element_type=\"container\" data-e-type=\"container\">\n\t\t\t\t<div class=\"elementor-element elementor-element-93b34c4 elementor-align-start elementor-icon-list--layout-traditional elementor-list-item-link-full_width elementor-widget elementor-widget-icon-list\" data-id=\"93b34c4\" data-element_type=\"widget\" data-e-type=\"widget\" data-widget_type=\"icon-list.default\">\n\t\t\t\t<div class=\"elementor-widget-container\">\n\t\t\t\t\t\t\t<ul class=\"elementor-icon-list-items\">\n\t\t\t\t\t\t\t<li class=\"elementor-icon-list-item\">\n\t\t\t\t\t\t\t\t\t\t\t<span class=\"elementor-icon-list-icon\">\n\t\t\t\t\t\t\t<i aria-hidden=\"true\" class=\"fas fa-check\"><\/i>\t\t\t\t\t\t<\/span>\n\t\t\t\t\t\t\t\t\t\t<span class=\"elementor-icon-list-text\">Professionelle &amp; erfarne negleteknikere<\/span>\n\t\t\t\t\t\t\t\t\t<\/li>\n\t\t\t\t\t\t\t\t<li class=\"elementor-icon-list-item\">\n\t\t\t\t\t\t\t\t\t\t\t<span class=\"elementor-icon-list-icon\">\n\t\t\t\t\t\t\t<i aria-hidden=\"true\" class=\"fas fa-check\"><\/i>\t\t\t\t\t\t<\/span>\n\t\t\t\t\t\t\t\t\t\t<span class=\"elementor-icon-list-text\">H\u00f8j kvalitet &amp; lang holdbarhed<\/span>\n\t\t\t\t\t\t\t\t\t<\/li>\n\t\t\t\t\t\t\t\t<li class=\"elementor-icon-list-item\">\n\t\t\t\t\t\t\t\t\t\t\t<span class=\"elementor-icon-list-icon\">\n\t\t\t\t\t\t\t<i aria-hidden=\"true\" class=\"fas fa-check\"><\/i>\t\t\t\t\t\t<\/span>\n\t\t\t\t\t\t\t\t\t\t<span class=\"elementor-icon-list-text\">Hurtig &amp; nem online booking<\/span>\n\t\t\t\t\t\t\t\t\t<\/li>\n\t\t\t\t\t\t<\/ul>\n\t\t\t\t\t\t<\/div>\n\t\t\t\t<\/div>\n\t\t\t\t<div class=\"elementor-element elementor-element-0b7f953 elementor-align-left elementor-mobile-align-justify elementor-widget elementor-widget-button\" data-id=\"0b7f953\" data-element_type=\"widget\" data-e-type=\"widget\" data-widget_type=\"button.default\">\n\t\t\t\t<div class=\"elementor-widget-container\">\n\t\t\t\t\t\t\t\t\t<div class=\"elementor-button-wrapper\">\n\t\t\t\t\t<a class=\"elementor-button elementor-button-link elementor-size-sm\" href=\"https:\/\/kingnails.dk\/en\/afdelinger\/\">\n\t\t\t\t\t\t<span class=\"elementor-button-content-wrapper\">\n\t\t\t\t\t\t<span class=\"elementor-button-icon\">\n\t\t\t\t<i aria-hidden=\"true\" class=\"fal fa-arrow-right\"><\/i>\t\t\t<\/span>\n\t\t\t\t\t\t\t\t\t<span class=\"elementor-button-text\">Find din n\u00e6rmste afdeling<\/span>\n\t\t\t\t\t<\/span>\n\t\t\t\t\t<\/a>\n\t\t\t\t<\/div>\n\t\t\t\t\t\t\t\t<\/div>\n\t\t\t\t<\/div>\n\t\t\t\t<\/div>\n\t\t\t\t<\/div>\n\t\t<div class=\"elementor-element elementor-element-1612e91 e-con-full e-flex e-con e-child\" data-id=\"1612e91\" data-element_type=\"container\" data-e-type=\"container\" data-settings=\"{&quot;background_background&quot;:&quot;slideshow&quot;,&quot;background_slideshow_gallery&quot;:[{&quot;id&quot;:1953,&quot;url&quot;:&quot;https:\\\/\\\/kingnails.dk\\\/wp-content\\\/uploads\\\/this-is-your-color-of-nails-2024-10-22-01-12-16-utc.jpg&quot;},{&quot;id&quot;:1940,&quot;url&quot;:&quot;https:\\\/\\\/kingnails.dk\\\/wp-content\\\/uploads\\\/group-of-girlfriends-manicure-in-beauty-salon-2024-12-04-02-05-09-utc.jpg&quot;},{&quot;id&quot;:2672,&quot;url&quot;:&quot;https:\\\/\\\/kingnails.dk\\\/wp-content\\\/uploads\\\/partial-view-of-manicurist-holding-fingers-while-d-2024-11-12-00-19-36-utc.jpg&quot;}],&quot;background_slideshow_slide_duration&quot;:4800,&quot;background_slideshow_transition_duration&quot;:800,&quot;background_slideshow_ken_burns&quot;:&quot;yes&quot;,&quot;background_slideshow_loop&quot;:&quot;yes&quot;,&quot;background_slideshow_slide_transition&quot;:&quot;fade&quot;,&quot;background_slideshow_ken_burns_zoom_direction&quot;:&quot;in&quot;}\">\n\t\t\t\t<div class=\"elementor-element elementor-element-caf2884 elementor-widget elementor-widget-image\" data-id=\"caf2884\" data-element_type=\"widget\" data-e-type=\"widget\" data-widget_type=\"image.default\">\n\t\t\t\t<div class=\"elementor-widget-container\">\n\t\t\t\t\t\t\t\t\t\t\t\t\t\t\t<img decoding=\"async\" width=\"275\" height=\"38\" src=\"https:\/\/kingnails.dk\/wp-content\/uploads\/Logo-Text-White.svg\" class=\"attachment-full size-full wp-image-1574\" alt=\"\" \/>\t\t\t\t\t\t\t\t\t\t\t\t\t\t\t<\/div>\n\t\t\t\t<\/div>\n\t\t\t\t<\/div>\n\t\t\t\t\t<\/div>\n\t\t\t\t<\/div>\n\t\t\t\t<\/div>\n\t\t","protected":false},"excerpt":{"rendered":"<p>Bestil tid online Vi br\u00e6nder for smukke negle Vi anvender vi kun de bedste produkter til behandlinger s\u00e5som CND, DND, OPI, NSN, Nuskin, ONS osv. Vi er bland de bedste neglesaloner i Danmark, n\u00e5r det g\u00e6lder negledesign og dekoration og arbejdet bliver udf\u00f8rt af professionelle CND negleteknikere. Kom ind i vores flotte King Nails saloner, [&hellip;]<\/p>\n","protected":false},"author":1,"featured_media":0,"parent":0,"menu_order":0,"comment_status":"closed","ping_status":"closed","template":"","meta":{"_acf_changed":false,"footnotes":""},"class_list":["post-1064","page","type-page","status-publish","hentry"],"acf":[],"yoast_head":"<!-- This site is optimized with the Yoast SEO plugin v26.7 - https:\/\/yoast.com\/wordpress\/plugins\/seo\/ -->\n<title>Om os - KING NAILS<\/title>\n<meta name=\"robots\" content=\"index, follow, max-snippet:-1, max-image-preview:large, max-video-preview:-1\" \/>\n<link rel=\"canonical\" href=\"https:\/\/kingnails.dk\/en\/about-us\/\" \/>\n<meta property=\"og:locale\" content=\"en_US\" \/>\n<meta property=\"og:type\" content=\"article\" \/>\n<meta property=\"og:title\" content=\"Om os - KING NAILS\" \/>\n<meta property=\"og:description\" content=\"Bestil tid online Vi br\u00e6nder for smukke negle Vi anvender vi kun de bedste produkter til behandlinger s\u00e5som CND, DND, OPI, NSN, Nuskin, ONS osv. Vi er bland de bedste neglesaloner i Danmark, n\u00e5r det g\u00e6lder negledesign og dekoration og arbejdet bliver udf\u00f8rt af professionelle CND negleteknikere. Kom ind i vores flotte King Nails saloner, [&hellip;]\" \/>\n<meta property=\"og:url\" content=\"https:\/\/kingnails.dk\/en\/about-us\/\" \/>\n<meta property=\"og:site_name\" content=\"KING NAILS\" \/>\n<meta property=\"article:modified_time\" content=\"2026-01-21T06:30:17+00:00\" \/>\n<meta name=\"twitter:card\" content=\"summary_large_image\" \/>\n<meta name=\"twitter:label1\" content=\"Est. reading time\" \/>\n\t<meta name=\"twitter:data1\" content=\"1 minute\" \/>\n<script type=\"application\/ld+json\" class=\"yoast-schema-graph\">{\"@context\":\"https:\/\/schema.org\",\"@graph\":[{\"@type\":\"WebPage\",\"@id\":\"https:\/\/kingnails.dk\/om-os\/\",\"url\":\"https:\/\/kingnails.dk\/om-os\/\",\"name\":\"Om os - KING NAILS\",\"isPartOf\":{\"@id\":\"https:\/\/kingnails.dk\/#website\"},\"primaryImageOfPage\":{\"@id\":\"https:\/\/kingnails.dk\/om-os\/#primaryimage\"},\"image\":{\"@id\":\"https:\/\/kingnails.dk\/om-os\/#primaryimage\"},\"thumbnailUrl\":\"https:\/\/kingnails.dk\/wp-content\/uploads\/Logo-Text-White.svg\",\"datePublished\":\"2023-11-01T13:31:15+00:00\",\"dateModified\":\"2026-01-21T06:30:17+00:00\",\"inLanguage\":\"en-US\",\"potentialAction\":[{\"@type\":\"ReadAction\",\"target\":[\"https:\/\/kingnails.dk\/om-os\/\"]}]},{\"@type\":\"ImageObject\",\"inLanguage\":\"en-US\",\"@id\":\"https:\/\/kingnails.dk\/om-os\/#primaryimage\",\"url\":\"https:\/\/kingnails.dk\/wp-content\/uploads\/Logo-Text-White.svg\",\"contentUrl\":\"https:\/\/kingnails.dk\/wp-content\/uploads\/Logo-Text-White.svg\"},{\"@type\":\"WebSite\",\"@id\":\"https:\/\/kingnails.dk\/#website\",\"url\":\"https:\/\/kingnails.dk\/\",\"name\":\"KING NAILS\",\"description\":\"\",\"publisher\":{\"@id\":\"https:\/\/kingnails.dk\/#organization\"},\"potentialAction\":[{\"@type\":\"SearchAction\",\"target\":{\"@type\":\"EntryPoint\",\"urlTemplate\":\"https:\/\/kingnails.dk\/?s={search_term_string}\"},\"query-input\":{\"@type\":\"PropertyValueSpecification\",\"valueRequired\":true,\"valueName\":\"search_term_string\"}}],\"inLanguage\":\"en-US\"},{\"@type\":\"Organization\",\"@id\":\"https:\/\/kingnails.dk\/#organization\",\"name\":\"KING NAILS\",\"url\":\"https:\/\/kingnails.dk\/\",\"logo\":{\"@type\":\"ImageObject\",\"inLanguage\":\"en-US\",\"@id\":\"https:\/\/kingnails.dk\/#\/schema\/logo\/image\/\",\"url\":\"https:\/\/kingnails.dk\/wp-content\/uploads\/Logo-Text-Black.svg\",\"contentUrl\":\"https:\/\/kingnails.dk\/wp-content\/uploads\/Logo-Text-Black.svg\",\"width\":275,\"height\":38,\"caption\":\"KING NAILS\"},\"image\":{\"@id\":\"https:\/\/kingnails.dk\/#\/schema\/logo\/image\/\"}}]}<\/script>\n<!-- \/ Yoast SEO plugin. -->","yoast_head_json":{"title":"About us - KING NAILS","robots":{"index":"index","follow":"follow","max-snippet":"max-snippet:-1","max-image-preview":"max-image-preview:large","max-video-preview":"max-video-preview:-1"},"canonical":"https:\/\/kingnails.dk\/en\/about-us\/","og_locale":"en_US","og_type":"article","og_title":"Om os - KING NAILS","og_description":"Bestil tid online Vi br\u00e6nder for smukke negle Vi anvender vi kun de bedste produkter til behandlinger s\u00e5som CND, DND, OPI, NSN, Nuskin, ONS osv. Vi er bland de bedste neglesaloner i Danmark, n\u00e5r det g\u00e6lder negledesign og dekoration og arbejdet bliver udf\u00f8rt af professionelle CND negleteknikere. Kom ind i vores flotte King Nails saloner, [&hellip;]","og_url":"https:\/\/kingnails.dk\/en\/about-us\/","og_site_name":"KING NAILS","article_modified_time":"2026-01-21T06:30:17+00:00","twitter_card":"summary_large_image","twitter_misc":{"Est. reading time":"1 minute"},"schema":{"@context":"https:\/\/schema.org","@graph":[{"@type":"WebPage","@id":"https:\/\/kingnails.dk\/om-os\/","url":"https:\/\/kingnails.dk\/om-os\/","name":"About us - KING NAILS","isPartOf":{"@id":"https:\/\/kingnails.dk\/#website"},"primaryImageOfPage":{"@id":"https:\/\/kingnails.dk\/om-os\/#primaryimage"},"image":{"@id":"https:\/\/kingnails.dk\/om-os\/#primaryimage"},"thumbnailUrl":"https:\/\/kingnails.dk\/wp-content\/uploads\/Logo-Text-White.svg","datePublished":"2023-11-01T13:31:15+00:00","dateModified":"2026-01-21T06:30:17+00:00","inLanguage":"en-US","potentialAction":[{"@type":"ReadAction","target":["https:\/\/kingnails.dk\/om-os\/"]}]},{"@type":"ImageObject","inLanguage":"en-US","@id":"https:\/\/kingnails.dk\/om-os\/#primaryimage","url":"https:\/\/kingnails.dk\/wp-content\/uploads\/Logo-Text-White.svg","contentUrl":"https:\/\/kingnails.dk\/wp-content\/uploads\/Logo-Text-White.svg"},{"@type":"WebSite","@id":"https:\/\/kingnails.dk\/#website","url":"https:\/\/kingnails.dk\/","name":"KING NAILS","description":"","publisher":{"@id":"https:\/\/kingnails.dk\/#organization"},"potentialAction":[{"@type":"SearchAction","target":{"@type":"EntryPoint","urlTemplate":"https:\/\/kingnails.dk\/?s={search_term_string}"},"query-input":{"@type":"PropertyValueSpecification","valueRequired":true,"valueName":"search_term_string"}}],"inLanguage":"en-US"},{"@type":"Organization","@id":"https:\/\/kingnails.dk\/#organization","name":"KING NAILS","url":"https:\/\/kingnails.dk\/","logo":{"@type":"ImageObject","inLanguage":"en-US","@id":"https:\/\/kingnails.dk\/#\/schema\/logo\/image\/","url":"https:\/\/kingnails.dk\/wp-content\/uploads\/Logo-Text-Black.svg","contentUrl":"https:\/\/kingnails.dk\/wp-content\/uploads\/Logo-Text-Black.svg","width":275,"height":38,"caption":"KING NAILS"},"image":{"@id":"https:\/\/kingnails.dk\/#\/schema\/logo\/image\/"}}]}},"_links":{"self":[{"href":"https:\/\/kingnails.dk\/en\/wp-json\/wp\/v2\/pages\/1064","targetHints":{"allow":["GET"]}}],"collection":[{"href":"https:\/\/kingnails.dk\/en\/wp-json\/wp\/v2\/pages"}],"about":[{"href":"https:\/\/kingnails.dk\/en\/wp-json\/wp\/v2\/types\/page"}],"author":[{"embeddable":true,"href":"https:\/\/kingnails.dk\/en\/wp-json\/wp\/v2\/users\/1"}],"replies":[{"embeddable":true,"href":"https:\/\/kingnails.dk\/en\/wp-json\/wp\/v2\/comments?post=1064"}],"version-history":[{"count":21,"href":"https:\/\/kingnails.dk\/en\/wp-json\/wp\/v2\/pages\/1064\/revisions"}],"predecessor-version":[{"id":3498,"href":"https:\/\/kingnails.dk\/en\/wp-json\/wp\/v2\/pages\/1064\/revisions\/3498"}],"wp:attachment":[{"href":"https:\/\/kingnails.dk\/en\/wp-json\/wp\/v2\/media?parent=1064"}],"curies":[{"name":"wp","href":"https:\/\/api.w.org\/{rel}","templated":true}]}}