{"id":1088,"date":"2023-11-01T14:31:17","date_gmt":"2023-11-01T13:31:17","guid":{"rendered":"https:\/\/kingnails.dk\/kontakt\/"},"modified":"2026-01-14T10:44:56","modified_gmt":"2026-01-14T09:44:56","slug":"contact","status":"publish","type":"page","link":"https:\/\/kingnails.dk\/en\/kontakt\/","title":{"rendered":"Contact"},"content":{"rendered":"\t\t<div data-elementor-type=\"wp-post\" data-elementor-id=\"1088\" class=\"elementor elementor-1088\" data-elementor-post-type=\"page\">\n\t\t\t\t<div class=\"elementor-element elementor-element-20cf7a7 e-flex e-con-boxed e-con e-parent\" data-id=\"20cf7a7\" data-element_type=\"container\" data-e-type=\"container\" data-settings=\"{&quot;background_background&quot;:&quot;gradient&quot;}\">\n\t\t\t\t\t<div class=\"e-con-inner\">\n\t\t\t\t<div class=\"elementor-element elementor-element-1130123 elementor-align-left elementor-mobile-align-justify elementor-widget-mobile__width-initial elementor-hidden-mobile elementor-widget elementor-widget-button\" data-id=\"1130123\" data-element_type=\"widget\" data-e-type=\"widget\" data-widget_type=\"button.default\">\n\t\t\t\t<div class=\"elementor-widget-container\">\n\t\t\t\t\t\t\t\t\t<div class=\"elementor-button-wrapper\">\n\t\t\t\t\t<a class=\"elementor-button elementor-button-link elementor-size-sm\" href=\"https:\/\/kingnails.dk\/en\/afdelinger\/\">\n\t\t\t\t\t\t<span class=\"elementor-button-content-wrapper\">\n\t\t\t\t\t\t<span class=\"elementor-button-icon\">\n\t\t\t\t<i aria-hidden=\"true\" class=\"far fa-arrow-right\"><\/i>\t\t\t<\/span>\n\t\t\t\t\t\t\t\t\t<span class=\"elementor-button-text\">Bestil tid online<\/span>\n\t\t\t\t\t<\/span>\n\t\t\t\t\t<\/a>\n\t\t\t\t<\/div>\n\t\t\t\t\t\t\t\t<\/div>\n\t\t\t\t<\/div>\n\t\t\t\t\t<\/div>\n\t\t\t\t<\/div>\n\t\t<div class=\"elementor-element elementor-element-36645e8 e-flex e-con-boxed e-con e-parent\" data-id=\"36645e8\" data-element_type=\"container\" data-e-type=\"container\">\n\t\t\t\t\t<div class=\"e-con-inner\">\n\t\t<div class=\"elementor-element elementor-element-46e0419 e-con-full e-flex e-con e-child\" data-id=\"46e0419\" data-element_type=\"container\" data-e-type=\"container\">\n\t\t<div class=\"elementor-element elementor-element-b3b3478 e-con-full e-flex e-con e-child\" data-id=\"b3b3478\" data-element_type=\"container\" data-e-type=\"container\">\n\t\t\t\t<div class=\"elementor-element elementor-element-8e49b8f elementor-widget-mobile__width-initial elementor-widget__width-initial elementor-widget elementor-widget-heading\" data-id=\"8e49b8f\" data-element_type=\"widget\" data-e-type=\"widget\" data-widget_type=\"heading.default\">\n\t\t\t\t<div class=\"elementor-widget-container\">\n\t\t\t\t\t<h2 class=\"elementor-heading-title elementor-size-default\">Vi st\u00e5r klar til at hj\u00e6lpe<\/h2>\t\t\t\t<\/div>\n\t\t\t\t<\/div>\n\t\t\t\t<div class=\"elementor-element elementor-element-e26719b elementor-widget__width-initial elementor-widget elementor-widget-text-editor\" data-id=\"e26719b\" data-element_type=\"widget\" data-e-type=\"widget\" data-widget_type=\"text-editor.default\">\n\t\t\t\t<div class=\"elementor-widget-container\">\n\t\t\t\t\t\t\t\t\t<p>Du er altid velkommen til at kontakte os via nedenst\u00e5ende kontaktformular. Hvis du \u00f8nsker at afbestille tiden, skal du v\u00e6lge den afdeling, hvor du har booket tid.<\/p>\t\t\t\t\t\t\t\t<\/div>\n\t\t\t\t<\/div>\n\t\t\t\t<\/div>\n\t\t\t\t<\/div>\n\t\t<div class=\"elementor-element elementor-element-a17d519 e-con-full e-flex e-con e-child\" data-id=\"a17d519\" data-element_type=\"container\" data-e-type=\"container\">\n\t\t\t\t<div class=\"elementor-element elementor-element-6bf0d1b elementor-button-align-center elementor-tablet-button-align-center elementor-mobile-button-align-stretch elementor-widget__width-initial custom-kontaktformular elementor-widget elementor-widget-form\" data-id=\"6bf0d1b\" data-element_type=\"widget\" data-e-type=\"widget\" data-settings=\"{&quot;step_next_label&quot;:&quot;N\\u00e6ste&quot;,&quot;step_previous_label&quot;:&quot;Tidligere&quot;,&quot;step_type&quot;:&quot;none&quot;,&quot;step_icon_shape&quot;:&quot;none&quot;,&quot;button_width&quot;:&quot;100&quot;}\" data-widget_type=\"form.default\">\n\t\t\t\t<div class=\"elementor-widget-container\">\n\t\t\t\t\t\t\t<form class=\"elementor-form\" method=\"post\" name=\"Kontaktformular\" aria-label=\"Kontaktformular\">\n\t\t\t<input type=\"hidden\" name=\"post_id\" value=\"1088\"\/>\n\t\t\t<input type=\"hidden\" name=\"form_id\" value=\"6bf0d1b\"\/>\n\t\t\t<input type=\"hidden\" name=\"referer_title\" value=\"Kontakt - KING NAILS\" \/>\n\n\t\t\t\t\t\t\t<input type=\"hidden\" name=\"queried_id\" value=\"1088\"\/>\n\t\t\t\n\t\t\t<div class=\"elementor-form-fields-wrapper elementor-labels-\">\n\t\t\t\t\t\t\t\t<div class=\"elementor-field-type-text elementor-field-group elementor-column elementor-field-group-navn elementor-col-50 elementor-field-required\">\n\t\t\t\t\t\t\t\t\t\t\t\t<label for=\"form-field-navn\" class=\"elementor-field-label elementor-screen-only\">\n\t\t\t\t\t\t\t\tNavn\t\t\t\t\t\t\t<\/label>\n\t\t\t\t\t\t\t\t\t\t\t\t\t\t<input size=\"1\" type=\"text\" name=\"form_fields[navn]\" id=\"form-field-navn\" class=\"elementor-field elementor-size-md  elementor-field-textual\" placeholder=\"Navn\" required=\"required\">\n\t\t\t\t\t\t\t\t\t\t\t<\/div>\n\t\t\t\t\t\t\t\t<div class=\"elementor-field-type-tel elementor-field-group elementor-column elementor-field-group-telefon elementor-col-50 elementor-field-required\">\n\t\t\t\t\t\t\t\t\t\t\t\t<label for=\"form-field-telefon\" class=\"elementor-field-label elementor-screen-only\">\n\t\t\t\t\t\t\t\tTelefon\t\t\t\t\t\t\t<\/label>\n\t\t\t\t\t\t\t\t<input size=\"1\" type=\"tel\" name=\"form_fields[telefon]\" id=\"form-field-telefon\" class=\"elementor-field elementor-size-md  elementor-field-textual\" placeholder=\"Telefon\" required=\"required\" pattern=\"[0-9()#&amp;+*-=.]+\" title=\"Kun tal og telefonkarakterer (#,-,*, o.s.v.) accepteres.\">\n\n\t\t\t\t\t\t<\/div>\n\t\t\t\t\t\t\t\t<div class=\"elementor-field-type-email elementor-field-group elementor-column elementor-field-group-email elementor-col-100 elementor-field-required\">\n\t\t\t\t\t\t\t\t\t\t\t\t<label for=\"form-field-email\" class=\"elementor-field-label elementor-screen-only\">\n\t\t\t\t\t\t\t\tE-mail\t\t\t\t\t\t\t<\/label>\n\t\t\t\t\t\t\t\t\t\t\t\t\t\t<input size=\"1\" type=\"email\" name=\"form_fields[email]\" id=\"form-field-email\" class=\"elementor-field elementor-size-md  elementor-field-textual\" placeholder=\"E-mail\" required=\"required\">\n\t\t\t\t\t\t\t\t\t\t\t<\/div>\n\t\t\t\t\t\t\t\t<div class=\"elementor-field-type-select elementor-field-group elementor-column elementor-field-group-afdeling elementor-col-100 elementor-field-required\">\n\t\t\t\t\t\t\t\t\t\t\t\t<label for=\"form-field-afdeling\" class=\"elementor-field-label elementor-screen-only\">\n\t\t\t\t\t\t\t\tAfdeling\t\t\t\t\t\t\t<\/label>\n\t\t\t\t\t\t\t\t<div class=\"elementor-field elementor-select-wrapper remove-before \">\n\t\t\t<div class=\"select-caret-down-wrapper\">\n\t\t\t\t<i aria-hidden=\"true\" class=\"eicon-caret-down\"><\/i>\t\t\t<\/div>\n\t\t\t<select name=\"form_fields[afdeling]\" id=\"form-field-afdeling\" class=\"elementor-field-textual elementor-size-md\" required=\"required\">\n\t\t\t\t\t\t\t\t\t<option value=\"V\u00e6lg afdeling\">V\u00e6lg afdeling<\/option>\n\t\t\t\t\t\t\t\t\t<option value=\"Waves shoppingcenter\">Waves shoppingcenter<\/option>\n\t\t\t\t\t\t\t\t\t<option value=\"City 2\">City 2<\/option>\n\t\t\t\t\t\t\t\t\t<option value=\"Farum Bytov\">Farum Bytov<\/option>\n\t\t\t\t\t\t\t\t\t<option value=\"Lyngby Hovedgade\">Lyngby Hovedgade<\/option>\n\t\t\t\t\t\t\t\t\t<option value=\"Lyngby Storecenter\">Lyngby Storecenter<\/option>\n\t\t\t\t\t\t\t\t\t<option value=\"Friheden Hvidovre\">Friheden Hvidovre<\/option>\n\t\t\t\t\t\t\t\t\t<option value=\"Fisketorvet\">Fisketorvet<\/option>\n\t\t\t\t\t\t\t\t\t<option value=\"Ro\u00b4s Torv\">Ro\u00b4s Torv<\/option>\n\t\t\t\t\t\t\t\t\t<option value=\"FRB.C shopping\">FRB.C shopping<\/option>\n\t\t\t\t\t\t\t\t\t<option value=\"Kolding\">Kolding<\/option>\n\t\t\t\t\t\t\t\t\t<option value=\"Slagelse\">Slagelse<\/option>\n\t\t\t\t\t\t\t\t\t<option value=\"Amager\">Amager<\/option>\n\t\t\t\t\t\t\t\t\t<option value=\"Vanl\u00f8se\">Vanl\u00f8se<\/option>\n\t\t\t\t\t\t\t\t\t<option value=\"Glostrup\">Glostrup<\/option>\n\t\t\t\t\t\t\t\t\t<option value=\"Ish\u00f8j\">Ish\u00f8j<\/option>\n\t\t\t\t\t\t\t<\/select>\n\t\t<\/div>\n\t\t\t\t\t\t<\/div>\n\t\t\t\t\t\t\t\t<div class=\"elementor-field-type-textarea elementor-field-group elementor-column elementor-field-group-besked elementor-col-100 elementor-field-required\">\n\t\t\t\t\t\t\t\t\t\t\t\t<label for=\"form-field-besked\" class=\"elementor-field-label elementor-screen-only\">\n\t\t\t\t\t\t\t\tBesked\t\t\t\t\t\t\t<\/label>\n\t\t\t\t\t\t<textarea class=\"elementor-field-textual elementor-field  elementor-size-md\" name=\"form_fields[besked]\" id=\"form-field-besked\" rows=\"5\" placeholder=\"Besked\" required=\"required\"><\/textarea>\t\t\t\t<\/div>\n\t\t\t\t\t\t\t\t<div class=\"elementor-field-type-text\">\n\t\t\t\t\t<input size=\"1\" type=\"text\" name=\"form_fields[honypot]\" id=\"form-field-honypot\" class=\"elementor-field elementor-size-md \" style=\"display:none !important;\">\t\t\t\t<\/div>\n\t\t\t\t\t\t\t\t<div class=\"elementor-field-group elementor-column elementor-field-type-submit elementor-col-100 e-form__buttons\">\n\t\t\t\t\t<button class=\"elementor-button elementor-size-md\" type=\"submit\">\n\t\t\t\t\t\t<span class=\"elementor-button-content-wrapper\">\n\t\t\t\t\t\t\t\t\t\t\t\t\t\t\t\t\t\t\t\t\t\t<span class=\"elementor-button-text\">Send besked<\/span>\n\t\t\t\t\t\t\t\t\t\t\t\t\t<\/span>\n\t\t\t\t\t<\/button>\n\t\t\t\t<\/div>\n\t\t\t<\/div>\n\t\t<input\n                    class=\"apbct_special_field apbct_email_id__elementor_form\"\n                    name=\"apbct__email_id__elementor_form\"\n                    aria-label=\"apbct__label_id__elementor_form\"\n                    type=\"text\" size=\"30\" maxlength=\"200\" autocomplete=\"off\"\n                    value=\"\"\n                \/><\/form>\n\t\t\t\t\t\t<\/div>\n\t\t\t\t<\/div>\n\t\t\t\t<\/div>\n\t\t\t\t\t<\/div>\n\t\t\t\t<\/div>\n\t\t\t\t<\/div>\n\t\t","protected":false},"excerpt":{"rendered":"<p>Book an appointment online We are ready to help You are always welcome to contact us via the contact form below. If you wish to cancel your appointment, please select the department where you booked the appointment.<\/p>","protected":false},"author":1,"featured_media":0,"parent":0,"menu_order":0,"comment_status":"closed","ping_status":"closed","template":"","meta":{"_acf_changed":false,"footnotes":""},"class_list":["post-1088","page","type-page","status-publish","hentry"],"acf":[],"yoast_head":"<!-- This site is optimized with the Yoast SEO plugin v26.7 - https:\/\/yoast.com\/wordpress\/plugins\/seo\/ -->\n<title>Kontakt - KING NAILS<\/title>\n<meta name=\"robots\" content=\"index, follow, max-snippet:-1, max-image-preview:large, max-video-preview:-1\" \/>\n<link rel=\"canonical\" href=\"https:\/\/kingnails.dk\/en\/contact\/\" \/>\n<meta property=\"og:locale\" content=\"en_US\" \/>\n<meta property=\"og:type\" content=\"article\" \/>\n<meta property=\"og:title\" content=\"Kontakt - KING NAILS\" \/>\n<meta property=\"og:description\" content=\"Bestil tid online Vi st\u00e5r klar til at hj\u00e6lpe Du er altid velkommen til at kontakte os via nedenst\u00e5ende kontaktformular. Hvis du \u00f8nsker at afbestille tiden, skal du v\u00e6lge den afdeling, hvor du har booket tid.\" \/>\n<meta property=\"og:url\" content=\"https:\/\/kingnails.dk\/en\/contact\/\" \/>\n<meta property=\"og:site_name\" content=\"KING NAILS\" \/>\n<meta property=\"article:modified_time\" content=\"2026-01-14T09:44:56+00:00\" \/>\n<meta name=\"twitter:card\" content=\"summary_large_image\" \/>\n<meta name=\"twitter:label1\" content=\"Est. reading time\" \/>\n\t<meta name=\"twitter:data1\" content=\"1 minute\" \/>\n<script type=\"application\/ld+json\" class=\"yoast-schema-graph\">{\"@context\":\"https:\/\/schema.org\",\"@graph\":[{\"@type\":\"WebPage\",\"@id\":\"https:\/\/kingnails.dk\/kontakt\/\",\"url\":\"https:\/\/kingnails.dk\/kontakt\/\",\"name\":\"Kontakt - KING NAILS\",\"isPartOf\":{\"@id\":\"https:\/\/kingnails.dk\/#website\"},\"datePublished\":\"2023-11-01T13:31:17+00:00\",\"dateModified\":\"2026-01-14T09:44:56+00:00\",\"inLanguage\":\"en-US\",\"potentialAction\":[{\"@type\":\"ReadAction\",\"target\":[\"https:\/\/kingnails.dk\/kontakt\/\"]}]},{\"@type\":\"WebSite\",\"@id\":\"https:\/\/kingnails.dk\/#website\",\"url\":\"https:\/\/kingnails.dk\/\",\"name\":\"KING NAILS\",\"description\":\"\",\"publisher\":{\"@id\":\"https:\/\/kingnails.dk\/#organization\"},\"potentialAction\":[{\"@type\":\"SearchAction\",\"target\":{\"@type\":\"EntryPoint\",\"urlTemplate\":\"https:\/\/kingnails.dk\/?s={search_term_string}\"},\"query-input\":{\"@type\":\"PropertyValueSpecification\",\"valueRequired\":true,\"valueName\":\"search_term_string\"}}],\"inLanguage\":\"en-US\"},{\"@type\":\"Organization\",\"@id\":\"https:\/\/kingnails.dk\/#organization\",\"name\":\"KING NAILS\",\"url\":\"https:\/\/kingnails.dk\/\",\"logo\":{\"@type\":\"ImageObject\",\"inLanguage\":\"en-US\",\"@id\":\"https:\/\/kingnails.dk\/#\/schema\/logo\/image\/\",\"url\":\"https:\/\/kingnails.dk\/wp-content\/uploads\/Logo-Text-Black.svg\",\"contentUrl\":\"https:\/\/kingnails.dk\/wp-content\/uploads\/Logo-Text-Black.svg\",\"width\":275,\"height\":38,\"caption\":\"KING NAILS\"},\"image\":{\"@id\":\"https:\/\/kingnails.dk\/#\/schema\/logo\/image\/\"}}]}<\/script>\n<!-- \/ Yoast SEO plugin. -->","yoast_head_json":{"title":"Contact - KING NAILS","robots":{"index":"index","follow":"follow","max-snippet":"max-snippet:-1","max-image-preview":"max-image-preview:large","max-video-preview":"max-video-preview:-1"},"canonical":"https:\/\/kingnails.dk\/en\/contact\/","og_locale":"en_US","og_type":"article","og_title":"Kontakt - KING NAILS","og_description":"Bestil tid online Vi st\u00e5r klar til at hj\u00e6lpe Du er altid velkommen til at kontakte os via nedenst\u00e5ende kontaktformular. Hvis du \u00f8nsker at afbestille tiden, skal du v\u00e6lge den afdeling, hvor du har booket tid.","og_url":"https:\/\/kingnails.dk\/en\/contact\/","og_site_name":"KING NAILS","article_modified_time":"2026-01-14T09:44:56+00:00","twitter_card":"summary_large_image","twitter_misc":{"Est. reading time":"1 minute"},"schema":{"@context":"https:\/\/schema.org","@graph":[{"@type":"WebPage","@id":"https:\/\/kingnails.dk\/kontakt\/","url":"https:\/\/kingnails.dk\/kontakt\/","name":"Contact - KING NAILS","isPartOf":{"@id":"https:\/\/kingnails.dk\/#website"},"datePublished":"2023-11-01T13:31:17+00:00","dateModified":"2026-01-14T09:44:56+00:00","inLanguage":"en-US","potentialAction":[{"@type":"ReadAction","target":["https:\/\/kingnails.dk\/kontakt\/"]}]},{"@type":"WebSite","@id":"https:\/\/kingnails.dk\/#website","url":"https:\/\/kingnails.dk\/","name":"KING NAILS","description":"","publisher":{"@id":"https:\/\/kingnails.dk\/#organization"},"potentialAction":[{"@type":"SearchAction","target":{"@type":"EntryPoint","urlTemplate":"https:\/\/kingnails.dk\/?s={search_term_string}"},"query-input":{"@type":"PropertyValueSpecification","valueRequired":true,"valueName":"search_term_string"}}],"inLanguage":"en-US"},{"@type":"Organization","@id":"https:\/\/kingnails.dk\/#organization","name":"KING NAILS","url":"https:\/\/kingnails.dk\/","logo":{"@type":"ImageObject","inLanguage":"en-US","@id":"https:\/\/kingnails.dk\/#\/schema\/logo\/image\/","url":"https:\/\/kingnails.dk\/wp-content\/uploads\/Logo-Text-Black.svg","contentUrl":"https:\/\/kingnails.dk\/wp-content\/uploads\/Logo-Text-Black.svg","width":275,"height":38,"caption":"KING NAILS"},"image":{"@id":"https:\/\/kingnails.dk\/#\/schema\/logo\/image\/"}}]}},"_links":{"self":[{"href":"https:\/\/kingnails.dk\/en\/wp-json\/wp\/v2\/pages\/1088","targetHints":{"allow":["GET"]}}],"collection":[{"href":"https:\/\/kingnails.dk\/en\/wp-json\/wp\/v2\/pages"}],"about":[{"href":"https:\/\/kingnails.dk\/en\/wp-json\/wp\/v2\/types\/page"}],"author":[{"embeddable":true,"href":"https:\/\/kingnails.dk\/en\/wp-json\/wp\/v2\/users\/1"}],"replies":[{"embeddable":true,"href":"https:\/\/kingnails.dk\/en\/wp-json\/wp\/v2\/comments?post=1088"}],"version-history":[{"count":20,"href":"https:\/\/kingnails.dk\/en\/wp-json\/wp\/v2\/pages\/1088\/revisions"}],"predecessor-version":[{"id":3391,"href":"https:\/\/kingnails.dk\/en\/wp-json\/wp\/v2\/pages\/1088\/revisions\/3391"}],"wp:attachment":[{"href":"https:\/\/kingnails.dk\/en\/wp-json\/wp\/v2\/media?parent=1088"}],"curies":[{"name":"wp","href":"https:\/\/api.w.org\/{rel}","templated":true}]}}