{"id":1586,"date":"2025-12-05T13:25:36","date_gmt":"2025-12-05T12:25:36","guid":{"rendered":"https:\/\/kingnails.dk\/?page_id=1586"},"modified":"2026-04-17T08:55:03","modified_gmt":"2026-04-17T06:55:03","slug":"campaigns","status":"publish","type":"page","link":"https:\/\/kingnails.dk\/en\/kampagner\/","title":{"rendered":"Campaigns"},"content":{"rendered":"<div data-elementor-type=\"wp-page\" data-elementor-id=\"1586\" class=\"elementor elementor-1586\" data-elementor-post-type=\"page\">\n\t\t\t\t<div class=\"elementor-element elementor-element-3f750b8 e-flex e-con-boxed e-con e-parent\" data-id=\"3f750b8\" data-element_type=\"container\" data-e-type=\"container\" data-settings=\"{&quot;background_background&quot;:&quot;gradient&quot;}\">\n\t\t\t\t\t<div class=\"e-con-inner\">\n\t\t\t\t<div class=\"elementor-element elementor-element-f6d3e90 elementor-align-left elementor-mobile-align-justify elementor-widget-mobile__width-initial elementor-hidden-mobile elementor-widget elementor-widget-button\" data-id=\"f6d3e90\" data-element_type=\"widget\" data-e-type=\"widget\" data-widget_type=\"button.default\">\n\t\t\t\t<div class=\"elementor-widget-container\">\n\t\t\t\t\t\t\t\t\t<div class=\"elementor-button-wrapper\">\n\t\t\t\t\t<a class=\"elementor-button elementor-button-link elementor-size-sm\" href=\"https:\/\/kingnails.dk\/en\/afdelinger\/\">\n\t\t\t\t\t\t<span class=\"elementor-button-content-wrapper\">\n\t\t\t\t\t\t<span class=\"elementor-button-icon\">\n\t\t\t\t<i aria-hidden=\"true\" class=\"far fa-arrow-right\"><\/i>\t\t\t<\/span>\n\t\t\t\t\t\t\t\t\t<span class=\"elementor-button-text\">Book an appointment online<\/span>\n\t\t\t\t\t<\/span>\n\t\t\t\t\t<\/a>\n\t\t\t\t<\/div>\n\t\t\t\t\t\t\t\t<\/div>\n\t\t\t\t<\/div>\n\t\t\t\t\t<\/div>\n\t\t\t\t<\/div>\n\t\t<div class=\"elementor-element elementor-element-00b2e6a e-flex e-con-boxed e-con e-parent\" data-id=\"00b2e6a\" data-element_type=\"container\" data-e-type=\"container\">\n\t\t\t\t\t<div class=\"e-con-inner\">\n\t\t<div class=\"elementor-element elementor-element-15da330 e-con-full e-flex e-con e-child\" data-id=\"15da330\" data-element_type=\"container\" data-e-type=\"container\">\n\t\t<div class=\"elementor-element elementor-element-bca3bb5 e-con-full e-flex e-con e-child\" data-id=\"bca3bb5\" data-element_type=\"container\" data-e-type=\"container\">\n\t\t\t\t<div class=\"elementor-element elementor-element-0d1bdd4 elementor-widget-mobile__width-initial elementor-widget__width-initial elementor-widget elementor-widget-heading\" data-id=\"0d1bdd4\" data-element_type=\"widget\" data-e-type=\"widget\" data-widget_type=\"heading.default\">\n\t\t\t\t<div class=\"elementor-widget-container\">\n\t\t\t\t\t<h2 class=\"elementor-heading-title elementor-size-default\">Exclusive offers &amp; promotions<\/h2>\t\t\t\t<\/div>\n\t\t\t\t<\/div>\n\t\t\t\t<div class=\"elementor-element elementor-element-641951a elementor-widget__width-initial elementor-widget elementor-widget-text-editor\" data-id=\"641951a\" data-element_type=\"widget\" data-e-type=\"widget\" data-widget_type=\"text-editor.default\">\n\t\t\t\t<div class=\"elementor-widget-container\">\n\t\t\t\t\t\t\t\t\tHere you will find our current offers on nail treatments, care, and beauty products. We regularly update the page with new promotions so that you can always treat yourself at an extra good price.\t\t\t\t\t\t\t\t<\/div>\n\t\t\t\t<\/div>\n\t\t\t\t<\/div>\n\t\t\t\t<\/div>\n\t\t<div class=\"elementor-element elementor-element-43d7e25 e-con-full e-flex e-con e-child\" data-id=\"43d7e25\" data-element_type=\"container\" data-e-type=\"container\">\n\t\t<div class=\"elementor-element elementor-element-13fc890 e-con-full e-flex e-con e-child\" data-id=\"13fc890\" data-element_type=\"container\" data-e-type=\"container\" data-settings=\"{&quot;background_background&quot;:&quot;gradient&quot;}\">\n\t\t<div class=\"elementor-element elementor-element-dbd9e4f e-con-full e-flex e-con e-child\" data-id=\"dbd9e4f\" data-element_type=\"container\" data-e-type=\"container\">\n\t\t<div class=\"elementor-element elementor-element-ca1a8b3 e-con-full e-flex e-con e-child\" data-id=\"ca1a8b3\" data-element_type=\"container\" data-e-type=\"container\">\n\t\t\t\t<div class=\"elementor-element elementor-element-9c46f8a elementor-widget__width-initial elementor-widget elementor-widget-heading\" data-id=\"9c46f8a\" data-element_type=\"widget\" data-e-type=\"widget\" data-widget_type=\"heading.default\">\n\t\t\t\t<div class=\"elementor-widget-container\">\n\t\t\t\t\t<h2 class=\"elementor-heading-title elementor-size-default\">Morning Glow Deals<\/h2>\t\t\t\t<\/div>\n\t\t\t\t<\/div>\n\t\t\t\t<div class=\"elementor-element elementor-element-bc67080 elementor-widget elementor-widget-heading\" data-id=\"bc67080\" data-element_type=\"widget\" data-e-type=\"widget\" data-widget_type=\"heading.default\">\n\t\t\t\t<div class=\"elementor-widget-container\">\n\t\t\t\t\t<h3 class=\"elementor-heading-title elementor-size-default\">Save 20%<\/h3>\t\t\t\t<\/div>\n\t\t\t\t<\/div>\n\t\t\t\t<div class=\"elementor-element elementor-element-7b6e687 elementor-widget elementor-widget-text-editor\" data-id=\"7b6e687\" data-element_type=\"widget\" data-e-type=\"widget\" data-widget_type=\"text-editor.default\">\n\t\t\t\t<div class=\"elementor-widget-container\">\n\t\t\t\t\t\t\t\t\t<p>Discover our Morning Glow Deals - and save 20% between 10-12 from Mon - Fri. Only at King Nails Fisketorvet<\/p>\t\t\t\t\t\t\t\t<\/div>\n\t\t\t\t<\/div>\n\t\t\t\t<\/div>\n\t\t\t\t<\/div>\n\t\t\t\t<div class=\"elementor-element elementor-element-9c98fff elementor-widget__width-initial elementor-widget elementor-widget-text-editor\" data-id=\"9c98fff\" data-element_type=\"widget\" data-e-type=\"widget\" data-widget_type=\"text-editor.default\">\n\t\t\t\t<div class=\"elementor-widget-container\">\n\t\t\t\t\t\t\t\t\t<p><img fetchpriority=\"high\" decoding=\"async\" class=\"aligncenter wp-image-3399 size-full\" src=\"https:\/\/kingnails.dk\/wp-content\/uploads\/360_F_1844510778_WAzUESrVUdnkcMYmEPJiv6RUT7QQqLrY.jpg\" alt=\"\" width=\"639\" height=\"360\" srcset=\"https:\/\/kingnails.dk\/wp-content\/uploads\/360_F_1844510778_WAzUESrVUdnkcMYmEPJiv6RUT7QQqLrY.jpg 639w, https:\/\/kingnails.dk\/wp-content\/uploads\/360_F_1844510778_WAzUESrVUdnkcMYmEPJiv6RUT7QQqLrY-300x169.jpg 300w, https:\/\/kingnails.dk\/wp-content\/uploads\/360_F_1844510778_WAzUESrVUdnkcMYmEPJiv6RUT7QQqLrY-18x10.jpg 18w\" sizes=\"(max-width: 639px) 100vw, 639px\" \/><\/p>\t\t\t\t\t\t\t\t<\/div>\n\t\t\t\t<\/div>\n\t\t\t\t<\/div>\n\t\t<div class=\"elementor-element elementor-element-6c4e6b4 e-con-full e-flex e-con e-child\" data-id=\"6c4e6b4\" data-element_type=\"container\" data-e-type=\"container\" data-settings=\"{&quot;background_background&quot;:&quot;gradient&quot;}\">\n\t\t<div class=\"elementor-element elementor-element-fa127b6 e-con-full e-flex e-con e-child\" data-id=\"fa127b6\" data-element_type=\"container\" data-e-type=\"container\">\n\t\t<div class=\"elementor-element elementor-element-bcc9565 e-con-full e-flex e-con e-child\" data-id=\"bcc9565\" data-element_type=\"container\" data-e-type=\"container\">\n\t\t\t\t<div class=\"elementor-element elementor-element-297326d elementor-widget elementor-widget-heading\" data-id=\"297326d\" data-element_type=\"widget\" data-e-type=\"widget\" data-widget_type=\"heading.default\">\n\t\t\t\t<div class=\"elementor-widget-container\">\n\t\t\t\t\t<h2 class=\"elementor-heading-title elementor-size-default\">Black Friday Deals<\/h2>\t\t\t\t<\/div>\n\t\t\t\t<\/div>\n\t\t\t\t<div class=\"elementor-element elementor-element-94792c0 elementor-widget elementor-widget-heading\" data-id=\"94792c0\" data-element_type=\"widget\" data-e-type=\"widget\" data-widget_type=\"heading.default\">\n\t\t\t\t<div class=\"elementor-widget-container\">\n\t\t\t\t\t<h3 class=\"elementor-heading-title elementor-size-default\">Save 15% to 30%<\/h3>\t\t\t\t<\/div>\n\t\t\t\t<\/div>\n\t\t\t\t<\/div>\n\t\t<div class=\"elementor-element elementor-element-a192503 e-con-full e-flex e-con e-child\" data-id=\"a192503\" data-element_type=\"container\" data-e-type=\"container\">\n\t\t\t\t<div class=\"elementor-element elementor-element-a447072 elementor-widget elementor-widget-text-editor\" data-id=\"a447072\" data-element_type=\"widget\" data-e-type=\"widget\" data-widget_type=\"text-editor.default\">\n\t\t\t\t<div class=\"elementor-widget-container\">\n\t\t\t\t\t\t\t\t\tTreat yourself to beautiful nails at an exceptional price! Only on Black Friday can you get selected treatments at a Black Friday discount \u2013 but hurry, the offer is only valid on November 28, 2025.\t\t\t\t\t\t\t\t<\/div>\n\t\t\t\t<\/div>\n\t\t\t\t<div class=\"elementor-element elementor-element-618066c elementor-widget elementor-widget-text-editor\" data-id=\"618066c\" data-element_type=\"widget\" data-e-type=\"widget\" data-widget_type=\"text-editor.default\">\n\t\t\t\t<div class=\"elementor-widget-container\">\n\t\t\t\t\t\t\t\t\tWe look forward to seeing you!\t\t\t\t\t\t\t\t<\/div>\n\t\t\t\t<\/div>\n\t\t\t\t<\/div>\n\t\t\t\t<\/div>\n\t\t<div class=\"elementor-element elementor-element-4982d91 e-con-full e-flex e-con e-child\" data-id=\"4982d91\" data-element_type=\"container\" data-e-type=\"container\" data-settings=\"{&quot;background_background&quot;:&quot;classic&quot;}\">\n\t\t\t\t<\/div>\n\t\t\t\t<\/div>\n\t\t\t\t<\/div>\n\t\t<div class=\"elementor-element elementor-element-71de50c e-con-full e-flex e-con e-child\" data-id=\"71de50c\" data-element_type=\"container\" data-e-type=\"container\" data-settings=\"{&quot;background_background&quot;:&quot;gradient&quot;}\">\n\t\t<div class=\"elementor-element elementor-element-7287b93 e-con-full e-flex e-con e-child\" data-id=\"7287b93\" data-element_type=\"container\" data-e-type=\"container\">\n\t\t<div class=\"elementor-element elementor-element-a75d64f e-con-full e-flex e-con e-child\" data-id=\"a75d64f\" data-element_type=\"container\" data-e-type=\"container\">\n\t\t\t\t<div class=\"elementor-element elementor-element-88f84ea elementor-widget__width-initial elementor-widget elementor-widget-heading\" data-id=\"88f84ea\" data-element_type=\"widget\" data-e-type=\"widget\" data-widget_type=\"heading.default\">\n\t\t\t\t<div class=\"elementor-widget-container\">\n\t\t\t\t\t<h2 class=\"elementor-heading-title elementor-size-default\">Morning Glow Deals<\/h2>\t\t\t\t<\/div>\n\t\t\t\t<\/div>\n\t\t\t\t<div class=\"elementor-element elementor-element-afde8c8 elementor-widget elementor-widget-heading\" data-id=\"afde8c8\" data-element_type=\"widget\" data-e-type=\"widget\" data-widget_type=\"heading.default\">\n\t\t\t\t<div class=\"elementor-widget-container\">\n\t\t\t\t\t<h3 class=\"elementor-heading-title elementor-size-default\">Save 20%<\/h3>\t\t\t\t<\/div>\n\t\t\t\t<\/div>\n\t\t\t\t<div class=\"elementor-element elementor-element-da2c697 elementor-widget elementor-widget-text-editor\" data-id=\"da2c697\" data-element_type=\"widget\" data-e-type=\"widget\" data-widget_type=\"text-editor.default\">\n\t\t\t\t<div class=\"elementor-widget-container\">\n\t\t\t\t\t\t\t\t\t<p>Discover our Morning Glow Deals \u2013 and save 20% between 10 a.m. and 12 p.m. Only at King Nails Frederiksberg. The promotion is valid from November 1 to 30, 2025.<\/p>\t\t\t\t\t\t\t\t<\/div>\n\t\t\t\t<\/div>\n\t\t\t\t<div class=\"elementor-element elementor-element-7014048 elementor-widget elementor-widget-text-editor\" data-id=\"7014048\" data-element_type=\"widget\" data-e-type=\"widget\" data-widget_type=\"text-editor.default\">\n\t\t\t\t<div class=\"elementor-widget-container\">\n\t\t\t\t\t\t\t\t\t<p>Book online and write 20\/11 in the comments field.<\/p>\t\t\t\t\t\t\t\t<\/div>\n\t\t\t\t<\/div>\n\t\t\t\t<\/div>\n\t\t\t\t<\/div>\n\t\t<div class=\"elementor-element elementor-element-ab35aef e-con-full e-flex e-con e-child\" data-id=\"ab35aef\" data-element_type=\"container\" data-e-type=\"container\" data-settings=\"{&quot;background_background&quot;:&quot;classic&quot;}\">\n\t\t\t\t<\/div>\n\t\t\t\t<\/div>\n\t\t\t\t\t<\/div>\n\t\t\t\t<\/div>\n\t\t<div class=\"elementor-element elementor-element-5d43e9d e-flex e-con-boxed e-con e-parent\" data-id=\"5d43e9d\" data-element_type=\"container\" data-e-type=\"container\">\n\t\t\t\t\t<div class=\"e-con-inner\">\n\t\t\t\t\t<\/div>\n\t\t\t\t<\/div>\n\t\t\t\t<\/div>","protected":false},"excerpt":{"rendered":"<p>Bestil tid online Eksklusive tilbud &amp; kampagner Her finder du vores aktuelle tilbud p\u00e5 neglebehandlinger, pleje og beauty-produkter. Vi opdaterer l\u00f8bende siden med nye kampagner, s\u00e5 du altid kan fork\u00e6le dig selv til en ekstra god pris. Morning Glow Deals Spar 20% Oplev vores Morning Glow Deals &#8211; og spar 20% mellem kl. 10-12 fra [&hellip;]<\/p>\n","protected":false},"author":1,"featured_media":0,"parent":0,"menu_order":0,"comment_status":"closed","ping_status":"closed","template":"","meta":{"_acf_changed":false,"footnotes":""},"class_list":["post-1586","page","type-page","status-publish","hentry"],"acf":[],"yoast_head":"<!-- This site is optimized with the Yoast SEO plugin v26.7 - https:\/\/yoast.com\/wordpress\/plugins\/seo\/ -->\n<title>King Nails Kampagne | F\u00e5 smukke negle til specialpris<\/title>\n<meta name=\"description\" content=\"Udnyt vores eksklusive kampagne hos King Nails. Begr\u00e6nset tilbud \u2013 book din tid online nu og fork\u00e6l dig selv med smukke negle.\" \/>\n<meta name=\"robots\" content=\"index, follow, max-snippet:-1, max-image-preview:large, max-video-preview:-1\" \/>\n<link rel=\"canonical\" href=\"https:\/\/kingnails.dk\/en\/campaigns\/\" \/>\n<meta property=\"og:locale\" content=\"en_US\" \/>\n<meta property=\"og:type\" content=\"article\" \/>\n<meta property=\"og:title\" content=\"King Nails Kampagne | F\u00e5 smukke negle til specialpris\" \/>\n<meta property=\"og:description\" content=\"Udnyt vores eksklusive kampagne hos King Nails. Begr\u00e6nset tilbud \u2013 book din tid online nu og fork\u00e6l dig selv med smukke negle.\" \/>\n<meta property=\"og:url\" content=\"https:\/\/kingnails.dk\/en\/campaigns\/\" \/>\n<meta property=\"og:site_name\" content=\"KING NAILS\" \/>\n<meta property=\"article:modified_time\" content=\"2026-04-17T06:55:03+00:00\" \/>\n<meta property=\"og:image\" content=\"https:\/\/kingnails.dk\/wp-content\/uploads\/360_F_1844510778_WAzUESrVUdnkcMYmEPJiv6RUT7QQqLrY.jpg\" \/>\n\t<meta property=\"og:image:width\" content=\"639\" \/>\n\t<meta property=\"og:image:height\" content=\"360\" \/>\n\t<meta property=\"og:image:type\" content=\"image\/jpeg\" \/>\n<meta name=\"twitter:card\" content=\"summary_large_image\" \/>\n<meta name=\"twitter:label1\" content=\"Est. reading time\" \/>\n\t<meta name=\"twitter:data1\" content=\"1 minute\" \/>\n<script type=\"application\/ld+json\" class=\"yoast-schema-graph\">{\"@context\":\"https:\/\/schema.org\",\"@graph\":[{\"@type\":\"WebPage\",\"@id\":\"https:\/\/kingnails.dk\/kampagner\/\",\"url\":\"https:\/\/kingnails.dk\/kampagner\/\",\"name\":\"King Nails Kampagne | F\u00e5 smukke negle til specialpris\",\"isPartOf\":{\"@id\":\"https:\/\/kingnails.dk\/#website\"},\"primaryImageOfPage\":{\"@id\":\"https:\/\/kingnails.dk\/kampagner\/#primaryimage\"},\"image\":{\"@id\":\"https:\/\/kingnails.dk\/kampagner\/#primaryimage\"},\"thumbnailUrl\":\"https:\/\/kingnails.dk\/wp-content\/uploads\/360_F_1844510778_WAzUESrVUdnkcMYmEPJiv6RUT7QQqLrY.jpg\",\"datePublished\":\"2025-12-05T12:25:36+00:00\",\"dateModified\":\"2026-04-17T06:55:03+00:00\",\"description\":\"Udnyt vores eksklusive kampagne hos King Nails. Begr\u00e6nset tilbud \u2013 book din tid online nu og fork\u00e6l dig selv med smukke negle.\",\"inLanguage\":\"en-US\",\"potentialAction\":[{\"@type\":\"ReadAction\",\"target\":[\"https:\/\/kingnails.dk\/kampagner\/\"]}]},{\"@type\":\"ImageObject\",\"inLanguage\":\"en-US\",\"@id\":\"https:\/\/kingnails.dk\/kampagner\/#primaryimage\",\"url\":\"https:\/\/kingnails.dk\/wp-content\/uploads\/360_F_1844510778_WAzUESrVUdnkcMYmEPJiv6RUT7QQqLrY.jpg\",\"contentUrl\":\"https:\/\/kingnails.dk\/wp-content\/uploads\/360_F_1844510778_WAzUESrVUdnkcMYmEPJiv6RUT7QQqLrY.jpg\"},{\"@type\":\"WebSite\",\"@id\":\"https:\/\/kingnails.dk\/#website\",\"url\":\"https:\/\/kingnails.dk\/\",\"name\":\"KING NAILS\",\"description\":\"\",\"publisher\":{\"@id\":\"https:\/\/kingnails.dk\/#organization\"},\"potentialAction\":[{\"@type\":\"SearchAction\",\"target\":{\"@type\":\"EntryPoint\",\"urlTemplate\":\"https:\/\/kingnails.dk\/?s={search_term_string}\"},\"query-input\":{\"@type\":\"PropertyValueSpecification\",\"valueRequired\":true,\"valueName\":\"search_term_string\"}}],\"inLanguage\":\"en-US\"},{\"@type\":\"Organization\",\"@id\":\"https:\/\/kingnails.dk\/#organization\",\"name\":\"KING NAILS\",\"url\":\"https:\/\/kingnails.dk\/\",\"logo\":{\"@type\":\"ImageObject\",\"inLanguage\":\"en-US\",\"@id\":\"https:\/\/kingnails.dk\/#\/schema\/logo\/image\/\",\"url\":\"https:\/\/kingnails.dk\/wp-content\/uploads\/Logo-Text-Black.svg\",\"contentUrl\":\"https:\/\/kingnails.dk\/wp-content\/uploads\/Logo-Text-Black.svg\",\"width\":275,\"height\":38,\"caption\":\"KING NAILS\"},\"image\":{\"@id\":\"https:\/\/kingnails.dk\/#\/schema\/logo\/image\/\"}}]}<\/script>\n<!-- \/ Yoast SEO plugin. -->","yoast_head_json":{"title":"King Nails Campaign | Get beautiful nails at a special price","description":"Take advantage of our exclusive promotion at King Nails. Limited offer - book your appointment online now and treat yourself to beautiful nails.","robots":{"index":"index","follow":"follow","max-snippet":"max-snippet:-1","max-image-preview":"max-image-preview:large","max-video-preview":"max-video-preview:-1"},"canonical":"https:\/\/kingnails.dk\/en\/campaigns\/","og_locale":"en_US","og_type":"article","og_title":"King Nails Kampagne | F\u00e5 smukke negle til specialpris","og_description":"Udnyt vores eksklusive kampagne hos King Nails. Begr\u00e6nset tilbud \u2013 book din tid online nu og fork\u00e6l dig selv med smukke negle.","og_url":"https:\/\/kingnails.dk\/en\/campaigns\/","og_site_name":"KING NAILS","article_modified_time":"2026-04-17T06:55:03+00:00","og_image":[{"width":639,"height":360,"url":"https:\/\/kingnails.dk\/wp-content\/uploads\/360_F_1844510778_WAzUESrVUdnkcMYmEPJiv6RUT7QQqLrY.jpg","type":"image\/jpeg"}],"twitter_card":"summary_large_image","twitter_misc":{"Est. reading time":"1 minute"},"schema":{"@context":"https:\/\/schema.org","@graph":[{"@type":"WebPage","@id":"https:\/\/kingnails.dk\/kampagner\/","url":"https:\/\/kingnails.dk\/kampagner\/","name":"King Nails Campaign | Get beautiful nails at a special price","isPartOf":{"@id":"https:\/\/kingnails.dk\/#website"},"primaryImageOfPage":{"@id":"https:\/\/kingnails.dk\/kampagner\/#primaryimage"},"image":{"@id":"https:\/\/kingnails.dk\/kampagner\/#primaryimage"},"thumbnailUrl":"https:\/\/kingnails.dk\/wp-content\/uploads\/360_F_1844510778_WAzUESrVUdnkcMYmEPJiv6RUT7QQqLrY.jpg","datePublished":"2025-12-05T12:25:36+00:00","dateModified":"2026-04-17T06:55:03+00:00","description":"Take advantage of our exclusive promotion at King Nails. Limited offer - book your appointment online now and treat yourself to beautiful nails.","inLanguage":"en-US","potentialAction":[{"@type":"ReadAction","target":["https:\/\/kingnails.dk\/kampagner\/"]}]},{"@type":"ImageObject","inLanguage":"en-US","@id":"https:\/\/kingnails.dk\/kampagner\/#primaryimage","url":"https:\/\/kingnails.dk\/wp-content\/uploads\/360_F_1844510778_WAzUESrVUdnkcMYmEPJiv6RUT7QQqLrY.jpg","contentUrl":"https:\/\/kingnails.dk\/wp-content\/uploads\/360_F_1844510778_WAzUESrVUdnkcMYmEPJiv6RUT7QQqLrY.jpg"},{"@type":"WebSite","@id":"https:\/\/kingnails.dk\/#website","url":"https:\/\/kingnails.dk\/","name":"KING NAILS","description":"","publisher":{"@id":"https:\/\/kingnails.dk\/#organization"},"potentialAction":[{"@type":"SearchAction","target":{"@type":"EntryPoint","urlTemplate":"https:\/\/kingnails.dk\/?s={search_term_string}"},"query-input":{"@type":"PropertyValueSpecification","valueRequired":true,"valueName":"search_term_string"}}],"inLanguage":"en-US"},{"@type":"Organization","@id":"https:\/\/kingnails.dk\/#organization","name":"KING NAILS","url":"https:\/\/kingnails.dk\/","logo":{"@type":"ImageObject","inLanguage":"en-US","@id":"https:\/\/kingnails.dk\/#\/schema\/logo\/image\/","url":"https:\/\/kingnails.dk\/wp-content\/uploads\/Logo-Text-Black.svg","contentUrl":"https:\/\/kingnails.dk\/wp-content\/uploads\/Logo-Text-Black.svg","width":275,"height":38,"caption":"KING NAILS"},"image":{"@id":"https:\/\/kingnails.dk\/#\/schema\/logo\/image\/"}}]}},"_links":{"self":[{"href":"https:\/\/kingnails.dk\/en\/wp-json\/wp\/v2\/pages\/1586","targetHints":{"allow":["GET"]}}],"collection":[{"href":"https:\/\/kingnails.dk\/en\/wp-json\/wp\/v2\/pages"}],"about":[{"href":"https:\/\/kingnails.dk\/en\/wp-json\/wp\/v2\/types\/page"}],"author":[{"embeddable":true,"href":"https:\/\/kingnails.dk\/en\/wp-json\/wp\/v2\/users\/1"}],"replies":[{"embeddable":true,"href":"https:\/\/kingnails.dk\/en\/wp-json\/wp\/v2\/comments?post=1586"}],"version-history":[{"count":20,"href":"https:\/\/kingnails.dk\/en\/wp-json\/wp\/v2\/pages\/1586\/revisions"}],"predecessor-version":[{"id":3717,"href":"https:\/\/kingnails.dk\/en\/wp-json\/wp\/v2\/pages\/1586\/revisions\/3717"}],"wp:attachment":[{"href":"https:\/\/kingnails.dk\/en\/wp-json\/wp\/v2\/media?parent=1586"}],"curies":[{"name":"wp","href":"https:\/\/api.w.org\/{rel}","templated":true}]}}